{"id":1530,"date":"2025-03-18T16:10:46","date_gmt":"2025-03-18T16:10:46","guid":{"rendered":"https:\/\/ecco.studio\/a-propos-de-nous\/"},"modified":"2025-05-25T19:29:13","modified_gmt":"2025-05-25T19:29:13","slug":"a-propos-de-nous","status":"publish","type":"page","link":"https:\/\/ecco.studio\/fr\/a-propos-de-nous\/","title":{"rendered":"\u00c0 propos de nous"},"content":{"rendered":"\t\t<div data-elementor-type=\"wp-page\" data-elementor-id=\"1530\" class=\"elementor elementor-1530 elementor-1181\">\n\t\t\t\t<div class=\"elementor-element elementor-element-3t8y789 e-flex e-con-boxed e-con e-parent\" data-id=\"3t8y789\" data-element_type=\"container\" data-e-type=\"container\">\n\t\t\t\t\t<div class=\"e-con-inner\">\n\t\t<div class=\"elementor-element elementor-element-c7c4c4a e-con-full e-flex e-con e-child\" data-id=\"c7c4c4a\" data-element_type=\"container\" data-e-type=\"container\">\n\t\t<div class=\"elementor-element elementor-element-2c1474f e-con-full e-flex e-con e-child\" data-id=\"2c1474f\" data-element_type=\"container\" data-e-type=\"container\">\n\t\t\t\t<div class=\"elementor-element elementor-element-32823ce elementor-position-inline-start elementor-mobile-position-inline-start elementor-view-default elementor-widget elementor-widget-icon-box\" data-id=\"32823ce\" data-element_type=\"widget\" data-e-type=\"widget\" data-widget_type=\"icon-box.default\">\n\t\t\t\t<div class=\"elementor-widget-container\">\n\t\t\t\t\t\t\t<div class=\"elementor-icon-box-wrapper\">\n\n\t\t\t\t\t\t<div class=\"elementor-icon-box-icon\">\n\t\t\t\t<span  class=\"elementor-icon\">\n\t\t\t\t<svg aria-hidden=\"true\" class=\"e-font-icon-svg e-fas-leaf\" viewBox=\"0 0 576 512\" xmlns=\"http:\/\/www.w3.org\/2000\/svg\"><path d=\"M546.2 9.7c-5.6-12.5-21.6-13-28.3-1.2C486.9 62.4 431.4 96 368 96h-80C182 96 96 182 96 288c0 7 .8 13.7 1.5 20.5C161.3 262.8 253.4 224 384 224c8.8 0 16 7.2 16 16s-7.2 16-16 16C132.6 256 26 410.1 2.4 468c-6.6 16.3 1.2 34.9 17.5 41.6 16.4 6.8 35-1.1 41.8-17.3 1.5-3.6 20.9-47.9 71.9-90.6 32.4 43.9 94 85.8 174.9 77.2C465.5 467.5 576 326.7 576 154.3c0-50.2-10.8-102.2-29.8-144.6z\"><\/path><\/svg>\t\t\t\t<\/span>\n\t\t\t<\/div>\n\t\t\t\n\t\t\t\t\t\t<div class=\"elementor-icon-box-content\">\n\n\t\t\t\t\t\t\t\t\t<p class=\"elementor-icon-box-title\">\n\t\t\t\t\t\t<span  >\n\t\t\t\t\t\t\tNotre histoire\t\t\t\t\t\t<\/span>\n\t\t\t\t\t<\/p>\n\t\t\t\t\n\t\t\t\t\n\t\t\t<\/div>\n\t\t\t\n\t\t<\/div>\n\t\t\t\t\t\t<\/div>\n\t\t\t\t<\/div>\n\t\t\t\t<div class=\"elementor-element elementor-element-120abac elementor-widget elementor-widget-heading\" data-id=\"120abac\" data-element_type=\"widget\" data-e-type=\"widget\" data-widget_type=\"heading.default\">\n\t\t\t\t<div class=\"elementor-widget-container\">\n\t\t\t\t\t<h2 class=\"elementor-heading-title elementor-size-default\">\u00c0 propos\n ECCO  <\/h2>\t\t\t\t<\/div>\n\t\t\t\t<\/div>\n\t\t\t\t<\/div>\n\t\t<div class=\"elementor-element elementor-element-5ae1c26 e-con-full e-flex e-con e-child\" data-id=\"5ae1c26\" data-element_type=\"container\" data-e-type=\"container\">\n\t\t\t\t<div class=\"elementor-element elementor-element-a97b63f elementor-widget elementor-widget-text-editor\" data-id=\"a97b63f\" data-element_type=\"widget\" data-e-type=\"widget\" data-widget_type=\"text-editor.default\">\n\t\t\t\t<div class=\"elementor-widget-container\">\n\t\t\t\t\t\t\t\t\t<p>Nous sommes une \u00e9quipe de cr\u00e9atifs passionn\u00e9s qui se consacrent \u00e0 aider les entreprises \u00e0 prosp\u00e9rer dans le monde num\u00e9rique.<\/p>\t\t\t\t\t\t\t\t<\/div>\n\t\t\t\t<\/div>\n\t\t\t\t<\/div>\n\t\t\t\t<\/div>\n\t\t\t\t<div class=\"elementor-element elementor-element-df46f25 elementor-widget elementor-widget-image\" data-id=\"df46f25\" data-element_type=\"widget\" data-e-type=\"widget\" data-widget_type=\"image.default\">\n\t\t\t\t<div class=\"elementor-widget-container\">\n\t\t\t\t\t\t\t\t\t\t\t\t\t\t\t<img fetchpriority=\"high\" decoding=\"async\" width=\"1920\" height=\"1280\" src=\"https:\/\/ecco.studio\/wp-content\/uploads\/2025\/03\/jakob-owens-ZSSuEANDxM0-unsplash.jpg\" class=\"attachment-full size-full wp-image-1500\" alt=\"\" srcset=\"https:\/\/ecco.studio\/wp-content\/uploads\/2025\/03\/jakob-owens-ZSSuEANDxM0-unsplash.jpg 1920w, https:\/\/ecco.studio\/wp-content\/uploads\/2025\/03\/jakob-owens-ZSSuEANDxM0-unsplash-300x200.jpg 300w, https:\/\/ecco.studio\/wp-content\/uploads\/2025\/03\/jakob-owens-ZSSuEANDxM0-unsplash-1024x683.jpg 1024w, https:\/\/ecco.studio\/wp-content\/uploads\/2025\/03\/jakob-owens-ZSSuEANDxM0-unsplash-768x512.jpg 768w, https:\/\/ecco.studio\/wp-content\/uploads\/2025\/03\/jakob-owens-ZSSuEANDxM0-unsplash-1536x1024.jpg 1536w\" sizes=\"(max-width: 1920px) 100vw, 1920px\" \/>\t\t\t\t\t\t\t\t\t\t\t\t\t\t\t<\/div>\n\t\t\t\t<\/div>\n\t\t\t\t\t<\/div>\n\t\t\t\t<\/div>\n\t\t<div class=\"elementor-element elementor-element-200krvx e-flex e-con-boxed e-con e-parent\" data-id=\"200krvx\" data-element_type=\"container\" data-e-type=\"container\" data-settings=\"{&quot;background_background&quot;:&quot;classic&quot;}\">\n\t\t\t\t\t<div class=\"e-con-inner\">\n\t\t<div class=\"elementor-element elementor-element-10b297c e-con-full e-flex e-con e-child\" data-id=\"10b297c\" data-element_type=\"container\" data-e-type=\"container\">\n\t\t<div class=\"elementor-element elementor-element-e3e1e11 e-con-full e-flex e-con e-child\" data-id=\"e3e1e11\" data-element_type=\"container\" data-e-type=\"container\">\n\t\t<div class=\"elementor-element elementor-element-d6471ca e-con-full e-flex e-con e-child\" data-id=\"d6471ca\" data-element_type=\"container\" data-e-type=\"container\">\n\t\t\t\t<div class=\"elementor-element elementor-element-e34eaa6 elementor-widget elementor-widget-heading\" data-id=\"e34eaa6\" data-element_type=\"widget\" data-e-type=\"widget\" data-widget_type=\"heading.default\">\n\t\t\t\t<div class=\"elementor-widget-container\">\n\t\t\t\t\t<h2 class=\"elementor-heading-title elementor-size-default\">10<\/h2>\t\t\t\t<\/div>\n\t\t\t\t<\/div>\n\t\t\t\t<\/div>\n\t\t<div class=\"elementor-element elementor-element-b745730 e-con-full e-flex e-con e-child\" data-id=\"b745730\" data-element_type=\"container\" data-e-type=\"container\">\n\t\t\t\t<div class=\"elementor-element elementor-element-2f0c340 elementor-widget elementor-widget-text-editor\" data-id=\"2f0c340\" data-element_type=\"widget\" data-e-type=\"widget\" data-widget_type=\"text-editor.default\">\n\t\t\t\t<div class=\"elementor-widget-container\">\n\t\t\t\t\t\t\t\t\t<p>Des ann\u00e9es d&rsquo;exp\u00e9rience<\/p>\t\t\t\t\t\t\t\t<\/div>\n\t\t\t\t<\/div>\n\t\t\t\t<\/div>\n\t\t\t\t<\/div>\n\t\t<div class=\"elementor-element elementor-element-c7886b8 e-con-full e-flex e-con e-child\" data-id=\"c7886b8\" data-element_type=\"container\" data-e-type=\"container\">\n\t\t<div class=\"elementor-element elementor-element-f6d1e86 e-con-full e-flex e-con e-child\" data-id=\"f6d1e86\" data-element_type=\"container\" data-e-type=\"container\">\n\t\t\t\t<div class=\"elementor-element elementor-element-f2885ae elementor-widget elementor-widget-heading\" data-id=\"f2885ae\" data-element_type=\"widget\" data-e-type=\"widget\" data-widget_type=\"heading.default\">\n\t\t\t\t<div class=\"elementor-widget-container\">\n\t\t\t\t\t<h2 class=\"elementor-heading-title elementor-size-default\">50+<\/h2>\t\t\t\t<\/div>\n\t\t\t\t<\/div>\n\t\t\t\t<\/div>\n\t\t<div class=\"elementor-element elementor-element-abf5a70 e-con-full e-flex e-con e-child\" data-id=\"abf5a70\" data-element_type=\"container\" data-e-type=\"container\">\n\t\t\t\t<div class=\"elementor-element elementor-element-481372f elementor-widget elementor-widget-text-editor\" data-id=\"481372f\" data-element_type=\"widget\" data-e-type=\"widget\" data-widget_type=\"text-editor.default\">\n\t\t\t\t<div class=\"elementor-widget-container\">\n\t\t\t\t\t\t\t\t\t<p>Projets termin\u00e9s  <\/p>\t\t\t\t\t\t\t\t<\/div>\n\t\t\t\t<\/div>\n\t\t\t\t<\/div>\n\t\t\t\t<\/div>\n\t\t\t\t<\/div>\n\t\t\t\t\t<\/div>\n\t\t\t\t<\/div>\n\t\t<div class=\"elementor-element elementor-element-m3pm2qz e-flex e-con-boxed e-con e-parent\" data-id=\"m3pm2qz\" data-element_type=\"container\" data-e-type=\"container\">\n\t\t\t\t\t<div class=\"e-con-inner\">\n\t\t<div class=\"elementor-element elementor-element-0b7cbde e-con-full e-flex e-con e-child\" data-id=\"0b7cbde\" data-element_type=\"container\" data-e-type=\"container\">\n\t\t\t\t<div class=\"elementor-element elementor-element-0373e4c elementor-widget elementor-widget-image\" data-id=\"0373e4c\" data-element_type=\"widget\" data-e-type=\"widget\" data-widget_type=\"image.default\">\n\t\t\t\t<div class=\"elementor-widget-container\">\n\t\t\t\t\t\t\t\t\t\t\t\t\t\t\t<img decoding=\"async\" width=\"640\" height=\"960\" src=\"https:\/\/ecco.studio\/wp-content\/uploads\/2025\/03\/marcos-paulo-prado-EDiji4Nbxo8-unsplash.jpg\" class=\"attachment-full size-full wp-image-1488\" alt=\"\" srcset=\"https:\/\/ecco.studio\/wp-content\/uploads\/2025\/03\/marcos-paulo-prado-EDiji4Nbxo8-unsplash.jpg 640w, https:\/\/ecco.studio\/wp-content\/uploads\/2025\/03\/marcos-paulo-prado-EDiji4Nbxo8-unsplash-200x300.jpg 200w\" sizes=\"(max-width: 640px) 100vw, 640px\" \/>\t\t\t\t\t\t\t\t\t\t\t\t\t\t\t<\/div>\n\t\t\t\t<\/div>\n\t\t\t\t<\/div>\n\t\t<div class=\"elementor-element elementor-element-a631947 e-con-full e-flex e-con e-child\" data-id=\"a631947\" data-element_type=\"container\" data-e-type=\"container\">\n\t\t\t\t<div class=\"elementor-element elementor-element-a00fddf elementor-widget elementor-widget-heading\" data-id=\"a00fddf\" data-element_type=\"widget\" data-e-type=\"widget\" data-widget_type=\"heading.default\">\n\t\t\t\t<div class=\"elementor-widget-container\">\n\t\t\t\t\t<h2 class=\"elementor-heading-title elementor-size-default\">Une nouvelle fa\u00e7on de communiquer.<\/h2>\t\t\t\t<\/div>\n\t\t\t\t<\/div>\n\t\t\t\t<div class=\"elementor-element elementor-element-fc08a90 elementor-widget elementor-widget-text-editor\" data-id=\"fc08a90\" data-element_type=\"widget\" data-e-type=\"widget\" data-widget_type=\"text-editor.default\">\n\t\t\t\t<div class=\"elementor-widget-container\">\n\t\t\t\t\t\t\t\t\t<p>Nous sommes n\u00e9s en Andorre avec le d\u00e9sir de donner la parole \u00e0 des projets puissants, jeunes, courageux et visuels.<br> Nous sommes anim\u00e9s par une passion pour le cin\u00e9ma, le branding et la cr\u00e9ativit\u00e9 appliqu\u00e9e au monde r\u00e9el et num\u00e9rique.<br> Ici, la technique rencontre l\u2019intuition. Esth\u00e9tique avec strat\u00e9gie. L&rsquo;art avec le marketing.  <\/p>\t\t\t\t\t\t\t\t<\/div>\n\t\t\t\t<\/div>\n\t\t\t\t<div class=\"elementor-element elementor-element-5652ba1 elementor-widget-divider--view-line elementor-widget elementor-widget-divider\" data-id=\"5652ba1\" data-element_type=\"widget\" data-e-type=\"widget\" data-widget_type=\"divider.default\">\n\t\t\t\t<div class=\"elementor-widget-container\">\n\t\t\t\t\t\t\t<div class=\"elementor-divider\">\n\t\t\t<span class=\"elementor-divider-separator\">\n\t\t\t\t\t\t<\/span>\n\t\t<\/div>\n\t\t\t\t\t\t<\/div>\n\t\t\t\t<\/div>\n\t\t\t\t<div class=\"elementor-element elementor-element-584924a elementor-widget elementor-widget-heading\" data-id=\"584924a\" data-element_type=\"widget\" data-e-type=\"widget\" data-widget_type=\"heading.default\">\n\t\t\t\t<div class=\"elementor-widget-container\">\n\t\t\t\t\t<h2 class=\"elementor-heading-title elementor-size-default\">ECCO est une communaut\u00e9 cr\u00e9ative.<\/h2>\t\t\t\t<\/div>\n\t\t\t\t<\/div>\n\t\t\t\t<div class=\"elementor-element elementor-element-41851e5 elementor-widget elementor-widget-text-editor\" data-id=\"41851e5\" data-element_type=\"widget\" data-e-type=\"widget\" data-widget_type=\"text-editor.default\">\n\t\t\t\t<div class=\"elementor-widget-container\">\n\t\t\t\t\t\t\t\t\t<p>Nous collaborons avec des artistes, des entreprises, des influenceurs et des cr\u00e9ateurs qui souhaitent faire du bruit, innover et inspirer.<br> Nous croyons au contenu comme outil de connexion \u00e9motionnelle et d\u2019impact commercial.<\/p>\t\t\t\t\t\t\t\t<\/div>\n\t\t\t\t<\/div>\n\t\t\t\t<\/div>\n\t\t\t\t\t<\/div>\n\t\t\t\t<\/div>\n\t\t<div class=\"elementor-element elementor-element-m74ogb8 e-flex e-con-boxed e-con e-parent\" data-id=\"m74ogb8\" data-element_type=\"container\" data-e-type=\"container\" data-settings=\"{&quot;background_background&quot;:&quot;classic&quot;}\">\n\t\t\t\t\t<div class=\"e-con-inner\">\n\t\t<div class=\"elementor-element elementor-element-c208a79 e-con-full e-flex e-con e-child\" data-id=\"c208a79\" data-element_type=\"container\" data-e-type=\"container\">\n\t\t\t\t<div class=\"elementor-element elementor-element-d5177a1 elementor-widget elementor-widget-heading\" data-id=\"d5177a1\" data-element_type=\"widget\" data-e-type=\"widget\" data-widget_type=\"heading.default\">\n\t\t\t\t<div class=\"elementor-widget-container\">\n\t\t\t\t\t<h2 class=\"elementor-heading-title elementor-size-default\">Faisons en sorte que cela se produise. Dites-nous votre id\u00e9e. <\/h2>\t\t\t\t<\/div>\n\t\t\t\t<\/div>\n\t\t\t\t<div class=\"elementor-element elementor-element-4ec010b elementor-widget elementor-widget-text-editor\" data-id=\"4ec010b\" data-element_type=\"widget\" data-e-type=\"widget\" data-widget_type=\"text-editor.default\">\n\t\t\t\t<div class=\"elementor-widget-container\">\n\t\t\t\t\t\t\t\t\t<p>Qu&rsquo;il s&rsquo;agisse d&rsquo;un clip vid\u00e9o, d&rsquo;une campagne, d&rsquo;un podcast ou d&rsquo;une nouvelle marque, nous sommes l\u00e0 pour y parvenir.<br> briller.<\/p>\t\t\t\t\t\t\t\t<\/div>\n\t\t\t\t<\/div>\n\t\t\t\t<div class=\"elementor-element elementor-element-a98f4a6 elementor-widget elementor-widget-button\" data-id=\"a98f4a6\" data-element_type=\"widget\" data-e-type=\"widget\" data-widget_type=\"button.default\">\n\t\t\t\t<div class=\"elementor-widget-container\">\n\t\t\t\t\t\t\t\t\t<div class=\"elementor-button-wrapper\">\n\t\t\t\t\t<a class=\"elementor-button elementor-button-link elementor-size-sm\" href=\"https:\/\/ecco.studio\/fr\/contact\/\">\n\t\t\t\t\t\t<span class=\"elementor-button-content-wrapper\">\n\t\t\t\t\t\t\t\t\t<span class=\"elementor-button-text\">Contactez-nous<\/span>\n\t\t\t\t\t<\/span>\n\t\t\t\t\t<\/a>\n\t\t\t\t<\/div>\n\t\t\t\t\t\t\t\t<\/div>\n\t\t\t\t<\/div>\n\t\t\t\t<\/div>\n\t\t\t\t\t<\/div>\n\t\t\t\t<\/div>\n\t\t\t\t<\/div>\n\t\t","protected":false},"excerpt":{"rendered":"<p>Notre histoire \u00c0 propos ECCO Nous sommes une \u00e9quipe de cr\u00e9atifs passionn\u00e9s qui se consacrent \u00e0 aider les entreprises \u00e0 prosp\u00e9rer dans le monde num\u00e9rique. 10 Des ann\u00e9es d&rsquo;exp\u00e9rience 50+ Projets termin\u00e9s Une nouvelle fa\u00e7on de communiquer. Nous sommes n\u00e9s en Andorre avec le d\u00e9sir de donner la parole \u00e0 des projets puissants, jeunes, courageux [&hellip;]<\/p>\n","protected":false},"author":1,"featured_media":0,"parent":0,"menu_order":0,"comment_status":"closed","ping_status":"closed","template":"","meta":{"site-sidebar-layout":"no-sidebar","site-content-layout":"page-builder","ast-site-content-layout":"full-width-container","site-content-style":"default","site-sidebar-style":"default","ast-global-header-display":"","ast-banner-title-visibility":"","ast-main-header-display":"","ast-hfb-above-header-display":"","ast-hfb-below-header-display":"","ast-hfb-mobile-header-display":"","site-post-title":"disabled","ast-breadcrumbs-content":"","ast-featured-img":"disabled","footer-sml-layout":"","ast-disable-related-posts":"","theme-transparent-header-meta":"","adv-header-id-meta":"","stick-header-meta":"","header-above-stick-meta":"","header-main-stick-meta":"","header-below-stick-meta":"","astra-migrate-meta-layouts":"default","ast-page-background-enabled":"default","ast-page-background-meta":{"desktop":{"background-color":"","background-image":"","background-repeat":"repeat","background-position":"center center","background-size":"auto","background-attachment":"scroll","background-type":"","background-media":"","overlay-type":"","overlay-color":"","overlay-opacity":"","overlay-gradient":""},"tablet":{"background-color":"","background-image":"","background-repeat":"repeat","background-position":"center center","background-size":"auto","background-attachment":"scroll","background-type":"","background-media":"","overlay-type":"","overlay-color":"","overlay-opacity":"","overlay-gradient":""},"mobile":{"background-color":"","background-image":"","background-repeat":"repeat","background-position":"center center","background-size":"auto","background-attachment":"scroll","background-type":"","background-media":"","overlay-type":"","overlay-color":"","overlay-opacity":"","overlay-gradient":""}},"ast-content-background-meta":{"desktop":{"background-color":"var(--ast-global-color-5)","background-image":"","background-repeat":"repeat","background-position":"center center","background-size":"auto","background-attachment":"scroll","background-type":"","background-media":"","overlay-type":"","overlay-color":"","overlay-opacity":"","overlay-gradient":""},"tablet":{"background-color":"var(--ast-global-color-5)","background-image":"","background-repeat":"repeat","background-position":"center center","background-size":"auto","background-attachment":"scroll","background-type":"","background-media":"","overlay-type":"","overlay-color":"","overlay-opacity":"","overlay-gradient":""},"mobile":{"background-color":"var(--ast-global-color-5)","background-image":"","background-repeat":"repeat","background-position":"center center","background-size":"auto","background-attachment":"scroll","background-type":"","background-media":"","overlay-type":"","overlay-color":"","overlay-opacity":"","overlay-gradient":""}},"footnotes":""},"class_list":["post-1530","page","type-page","status-publish","hentry"],"yoast_head":"<!-- This site is optimized with the Yoast SEO plugin v25.0 - https:\/\/yoast.com\/wordpress\/plugins\/seo\/ -->\n<title>\u00c0 propos de nous - ECCO<\/title>\n<meta name=\"description\" content=\"Boostez votre marque avec nos services de cr\u00e9ation de contenu, de branding et de production vid\u00e9o. Des histoires qui inspirent et convertissent.\" \/>\n<meta name=\"robots\" content=\"index, follow, max-snippet:-1, max-image-preview:large, max-video-preview:-1\" \/>\n<link rel=\"canonical\" href=\"https:\/\/ecco.studio\/fr\/a-propos-de-nous\/\" \/>\n<meta property=\"og:locale\" content=\"fr_FR\" \/>\n<meta property=\"og:type\" content=\"article\" \/>\n<meta property=\"og:title\" content=\"\u00c0 propos de nous - ECCO\" \/>\n<meta property=\"og:description\" content=\"Boostez votre marque avec nos services de cr\u00e9ation de contenu, de branding et de production vid\u00e9o. Des histoires qui inspirent et convertissent.\" \/>\n<meta property=\"og:url\" content=\"https:\/\/ecco.studio\/fr\/a-propos-de-nous\/\" \/>\n<meta property=\"og:site_name\" content=\"ECCO\" \/>\n<meta property=\"article:modified_time\" content=\"2025-05-25T19:29:13+00:00\" \/>\n<meta property=\"og:image\" content=\"https:\/\/ecco.studio\/wp-content\/uploads\/2025\/03\/jakob-owens-ZSSuEANDxM0-unsplash.jpg\" \/>\n\t<meta property=\"og:image:width\" content=\"1920\" \/>\n\t<meta property=\"og:image:height\" content=\"1280\" \/>\n\t<meta property=\"og:image:type\" content=\"image\/jpeg\" \/>\n<meta name=\"twitter:card\" content=\"summary_large_image\" \/>\n<meta name=\"twitter:label1\" content=\"Dur\u00e9e de lecture estim\u00e9e\" \/>\n\t<meta name=\"twitter:data1\" content=\"1 minute\" \/>\n<script type=\"application\/ld+json\" class=\"yoast-schema-graph\">{\"@context\":\"https:\/\/schema.org\",\"@graph\":[{\"@type\":\"WebPage\",\"@id\":\"https:\/\/ecco.studio\/fr\/a-propos-de-nous\/\",\"url\":\"https:\/\/ecco.studio\/fr\/a-propos-de-nous\/\",\"name\":\"\u00c0 propos de nous - ECCO\",\"isPartOf\":{\"@id\":\"https:\/\/www.ecco.studio\/fr\/#website\"},\"primaryImageOfPage\":{\"@id\":\"https:\/\/ecco.studio\/fr\/a-propos-de-nous\/#primaryimage\"},\"image\":{\"@id\":\"https:\/\/ecco.studio\/fr\/a-propos-de-nous\/#primaryimage\"},\"thumbnailUrl\":\"https:\/\/ecco.studio\/wp-content\/uploads\/2025\/03\/jakob-owens-ZSSuEANDxM0-unsplash.jpg\",\"datePublished\":\"2025-03-18T16:10:46+00:00\",\"dateModified\":\"2025-05-25T19:29:13+00:00\",\"description\":\"Boostez votre marque avec nos services de cr\u00e9ation de contenu, de branding et de production vid\u00e9o. Des histoires qui inspirent et convertissent.\",\"breadcrumb\":{\"@id\":\"https:\/\/ecco.studio\/fr\/a-propos-de-nous\/#breadcrumb\"},\"inLanguage\":\"fr-FR\",\"potentialAction\":[{\"@type\":\"ReadAction\",\"target\":[\"https:\/\/ecco.studio\/fr\/a-propos-de-nous\/\"]}]},{\"@type\":\"ImageObject\",\"inLanguage\":\"fr-FR\",\"@id\":\"https:\/\/ecco.studio\/fr\/a-propos-de-nous\/#primaryimage\",\"url\":\"https:\/\/ecco.studio\/wp-content\/uploads\/2025\/03\/jakob-owens-ZSSuEANDxM0-unsplash.jpg\",\"contentUrl\":\"https:\/\/ecco.studio\/wp-content\/uploads\/2025\/03\/jakob-owens-ZSSuEANDxM0-unsplash.jpg\"},{\"@type\":\"BreadcrumbList\",\"@id\":\"https:\/\/ecco.studio\/fr\/a-propos-de-nous\/#breadcrumb\",\"itemListElement\":[{\"@type\":\"ListItem\",\"position\":1,\"name\":\"Portada\",\"item\":\"https:\/\/ecco.studio\/fr\/\"},{\"@type\":\"ListItem\",\"position\":2,\"name\":\"\u00c0 propos de nous\"}]},{\"@type\":\"WebSite\",\"@id\":\"https:\/\/www.ecco.studio\/fr\/#website\",\"url\":\"https:\/\/www.ecco.studio\/fr\/\",\"name\":\"ECCO\",\"description\":\"Agencia creativa que ofereix serveis de creacio de contingut, producci\u00f3 de video i branding.\",\"publisher\":{\"@id\":\"https:\/\/www.ecco.studio\/fr\/#organization\"},\"potentialAction\":[{\"@type\":\"SearchAction\",\"target\":{\"@type\":\"EntryPoint\",\"urlTemplate\":\"https:\/\/www.ecco.studio\/fr\/?s={search_term_string}\"},\"query-input\":{\"@type\":\"PropertyValueSpecification\",\"valueRequired\":true,\"valueName\":\"search_term_string\"}}],\"inLanguage\":\"fr-FR\"},{\"@type\":\"Organization\",\"@id\":\"https:\/\/www.ecco.studio\/fr\/#organization\",\"name\":\"ECCO STUDIO\",\"url\":\"https:\/\/www.ecco.studio\/fr\/\",\"logo\":{\"@type\":\"ImageObject\",\"inLanguage\":\"fr-FR\",\"@id\":\"https:\/\/www.ecco.studio\/fr\/#\/schema\/logo\/image\/\",\"url\":\"https:\/\/www.ecco.studio\/wp-content\/uploads\/2025\/03\/logo-ecco_Mesa-de-trabajo-1.png\",\"contentUrl\":\"https:\/\/www.ecco.studio\/wp-content\/uploads\/2025\/03\/logo-ecco_Mesa-de-trabajo-1.png\",\"width\":8000,\"height\":4500,\"caption\":\"ECCO STUDIO\"},\"image\":{\"@id\":\"https:\/\/www.ecco.studio\/fr\/#\/schema\/logo\/image\/\"}}]}<\/script>\n<!-- \/ Yoast SEO plugin. -->","yoast_head_json":{"title":"\u00c0 propos de nous - ECCO","description":"Boostez votre marque avec nos services de cr\u00e9ation de contenu, de branding et de production vid\u00e9o. Des histoires qui inspirent et convertissent.","robots":{"index":"index","follow":"follow","max-snippet":"max-snippet:-1","max-image-preview":"max-image-preview:large","max-video-preview":"max-video-preview:-1"},"canonical":"https:\/\/ecco.studio\/fr\/a-propos-de-nous\/","og_locale":"fr_FR","og_type":"article","og_title":"\u00c0 propos de nous - ECCO","og_description":"Boostez votre marque avec nos services de cr\u00e9ation de contenu, de branding et de production vid\u00e9o. Des histoires qui inspirent et convertissent.","og_url":"https:\/\/ecco.studio\/fr\/a-propos-de-nous\/","og_site_name":"ECCO","article_modified_time":"2025-05-25T19:29:13+00:00","og_image":[{"width":1920,"height":1280,"url":"https:\/\/ecco.studio\/wp-content\/uploads\/2025\/03\/jakob-owens-ZSSuEANDxM0-unsplash.jpg","type":"image\/jpeg"}],"twitter_card":"summary_large_image","twitter_misc":{"Dur\u00e9e de lecture estim\u00e9e":"1 minute"},"schema":{"@context":"https:\/\/schema.org","@graph":[{"@type":"WebPage","@id":"https:\/\/ecco.studio\/fr\/a-propos-de-nous\/","url":"https:\/\/ecco.studio\/fr\/a-propos-de-nous\/","name":"\u00c0 propos de nous - ECCO","isPartOf":{"@id":"https:\/\/www.ecco.studio\/fr\/#website"},"primaryImageOfPage":{"@id":"https:\/\/ecco.studio\/fr\/a-propos-de-nous\/#primaryimage"},"image":{"@id":"https:\/\/ecco.studio\/fr\/a-propos-de-nous\/#primaryimage"},"thumbnailUrl":"https:\/\/ecco.studio\/wp-content\/uploads\/2025\/03\/jakob-owens-ZSSuEANDxM0-unsplash.jpg","datePublished":"2025-03-18T16:10:46+00:00","dateModified":"2025-05-25T19:29:13+00:00","description":"Boostez votre marque avec nos services de cr\u00e9ation de contenu, de branding et de production vid\u00e9o. Des histoires qui inspirent et convertissent.","breadcrumb":{"@id":"https:\/\/ecco.studio\/fr\/a-propos-de-nous\/#breadcrumb"},"inLanguage":"fr-FR","potentialAction":[{"@type":"ReadAction","target":["https:\/\/ecco.studio\/fr\/a-propos-de-nous\/"]}]},{"@type":"ImageObject","inLanguage":"fr-FR","@id":"https:\/\/ecco.studio\/fr\/a-propos-de-nous\/#primaryimage","url":"https:\/\/ecco.studio\/wp-content\/uploads\/2025\/03\/jakob-owens-ZSSuEANDxM0-unsplash.jpg","contentUrl":"https:\/\/ecco.studio\/wp-content\/uploads\/2025\/03\/jakob-owens-ZSSuEANDxM0-unsplash.jpg"},{"@type":"BreadcrumbList","@id":"https:\/\/ecco.studio\/fr\/a-propos-de-nous\/#breadcrumb","itemListElement":[{"@type":"ListItem","position":1,"name":"Portada","item":"https:\/\/ecco.studio\/fr\/"},{"@type":"ListItem","position":2,"name":"\u00c0 propos de nous"}]},{"@type":"WebSite","@id":"https:\/\/www.ecco.studio\/fr\/#website","url":"https:\/\/www.ecco.studio\/fr\/","name":"ECCO","description":"Agencia creativa que ofereix serveis de creacio de contingut, producci\u00f3 de video i branding.","publisher":{"@id":"https:\/\/www.ecco.studio\/fr\/#organization"},"potentialAction":[{"@type":"SearchAction","target":{"@type":"EntryPoint","urlTemplate":"https:\/\/www.ecco.studio\/fr\/?s={search_term_string}"},"query-input":{"@type":"PropertyValueSpecification","valueRequired":true,"valueName":"search_term_string"}}],"inLanguage":"fr-FR"},{"@type":"Organization","@id":"https:\/\/www.ecco.studio\/fr\/#organization","name":"ECCO STUDIO","url":"https:\/\/www.ecco.studio\/fr\/","logo":{"@type":"ImageObject","inLanguage":"fr-FR","@id":"https:\/\/www.ecco.studio\/fr\/#\/schema\/logo\/image\/","url":"https:\/\/www.ecco.studio\/wp-content\/uploads\/2025\/03\/logo-ecco_Mesa-de-trabajo-1.png","contentUrl":"https:\/\/www.ecco.studio\/wp-content\/uploads\/2025\/03\/logo-ecco_Mesa-de-trabajo-1.png","width":8000,"height":4500,"caption":"ECCO STUDIO"},"image":{"@id":"https:\/\/www.ecco.studio\/fr\/#\/schema\/logo\/image\/"}}]}},"_links":{"self":[{"href":"https:\/\/ecco.studio\/fr\/wp-json\/wp\/v2\/pages\/1530","targetHints":{"allow":["GET"]}}],"collection":[{"href":"https:\/\/ecco.studio\/fr\/wp-json\/wp\/v2\/pages"}],"about":[{"href":"https:\/\/ecco.studio\/fr\/wp-json\/wp\/v2\/types\/page"}],"author":[{"embeddable":true,"href":"https:\/\/ecco.studio\/fr\/wp-json\/wp\/v2\/users\/1"}],"replies":[{"embeddable":true,"href":"https:\/\/ecco.studio\/fr\/wp-json\/wp\/v2\/comments?post=1530"}],"version-history":[{"count":2,"href":"https:\/\/ecco.studio\/fr\/wp-json\/wp\/v2\/pages\/1530\/revisions"}],"predecessor-version":[{"id":1784,"href":"https:\/\/ecco.studio\/fr\/wp-json\/wp\/v2\/pages\/1530\/revisions\/1784"}],"wp:attachment":[{"href":"https:\/\/ecco.studio\/fr\/wp-json\/wp\/v2\/media?parent=1530"}],"curies":[{"name":"wp","href":"https:\/\/api.w.org\/{rel}","templated":true}]}}